{"id":107,"date":"2024-04-25T09:02:54","date_gmt":"2024-04-25T09:02:54","guid":{"rendered":"https:\/\/nuvarchitecture.com\/about-us\/"},"modified":"2024-11-21T01:44:17","modified_gmt":"2024-11-21T01:44:17","slug":"nosotros","status":"publish","type":"page","link":"https:\/\/nuvarchitecture.com\/en\/nosotros\/","title":{"rendered":"About Us"},"content":{"rendered":"<div data-elementor-type=\"wp-post\" data-elementor-id=\"107\" class=\"elementor elementor-107\" data-elementor-settings=\"{&quot;element_pack_global_tooltip_width&quot;:{&quot;unit&quot;:&quot;px&quot;,&quot;size&quot;:&quot;&quot;,&quot;sizes&quot;:[]},&quot;element_pack_global_tooltip_width_tablet&quot;:{&quot;unit&quot;:&quot;px&quot;,&quot;size&quot;:&quot;&quot;,&quot;sizes&quot;:[]},&quot;element_pack_global_tooltip_width_mobile&quot;:{&quot;unit&quot;:&quot;px&quot;,&quot;size&quot;:&quot;&quot;,&quot;sizes&quot;:[]},&quot;element_pack_global_tooltip_padding&quot;:{&quot;unit&quot;:&quot;px&quot;,&quot;top&quot;:&quot;&quot;,&quot;right&quot;:&quot;&quot;,&quot;bottom&quot;:&quot;&quot;,&quot;left&quot;:&quot;&quot;,&quot;isLinked&quot;:true},&quot;element_pack_global_tooltip_padding_tablet&quot;:{&quot;unit&quot;:&quot;px&quot;,&quot;top&quot;:&quot;&quot;,&quot;right&quot;:&quot;&quot;,&quot;bottom&quot;:&quot;&quot;,&quot;left&quot;:&quot;&quot;,&quot;isLinked&quot;:true},&quot;element_pack_global_tooltip_padding_mobile&quot;:{&quot;unit&quot;:&quot;px&quot;,&quot;top&quot;:&quot;&quot;,&quot;right&quot;:&quot;&quot;,&quot;bottom&quot;:&quot;&quot;,&quot;left&quot;:&quot;&quot;,&quot;isLinked&quot;:true},&quot;element_pack_global_tooltip_border_radius&quot;:{&quot;unit&quot;:&quot;px&quot;,&quot;top&quot;:&quot;&quot;,&quot;right&quot;:&quot;&quot;,&quot;bottom&quot;:&quot;&quot;,&quot;left&quot;:&quot;&quot;,&quot;isLinked&quot;:true},&quot;element_pack_global_tooltip_border_radius_tablet&quot;:{&quot;unit&quot;:&quot;px&quot;,&quot;top&quot;:&quot;&quot;,&quot;right&quot;:&quot;&quot;,&quot;bottom&quot;:&quot;&quot;,&quot;left&quot;:&quot;&quot;,&quot;isLinked&quot;:true},&quot;element_pack_global_tooltip_border_radius_mobile&quot;:{&quot;unit&quot;:&quot;px&quot;,&quot;top&quot;:&quot;&quot;,&quot;right&quot;:&quot;&quot;,&quot;bottom&quot;:&quot;&quot;,&quot;left&quot;:&quot;&quot;,&quot;isLinked&quot;:true}}\" data-elementor-post-type=\"page\">\n\t\t\t\t\t\t<section class=\"elementor-section elementor-top-section elementor-element elementor-element-d38f780 elementor-section-full_width elementor-section-height-default elementor-section-height-default\" data-id=\"d38f780\" data-element_type=\"section\" data-e-type=\"section\">\n\t\t\t\t\t\t<div class=\"elementor-container elementor-column-gap-default\">\n\t\t\t\t\t<div class=\"aux-parallax-section elementor-column elementor-col-33 elementor-top-column elementor-element elementor-element-6e5de3b\" data-id=\"6e5de3b\" data-element_type=\"column\" data-e-type=\"column\">\n\t\t\t<div class=\"elementor-widget-wrap elementor-element-populated\">\n\t\t\t\t\t\t<div class=\"aux-scroll-anim elementor-element elementor-element-e758660 elementor-widget elementor-widget-aux_modern_heading\" data-move-in=\"moveHorizontal\" data-move-out=\"moveHorizontal\" data-axis-x=\"60\" data-axis-y=\"30\" data-rotate=\"90\" data-scale=\"1\" data-vp-top=\"0.5\" data-vp-bot=\"0.5\" data-el-top=\"0.2\" data-scroll-animation-off=\"1024\" data-id=\"e758660\" data-element_type=\"widget\" data-e-type=\"widget\" data-widget_type=\"aux_modern_heading.default\">\n\t\t\t\t<div class=\"elementor-widget-container\">\n\t\t\t\t\t<section class=\"aux-widget-modern-heading\">\n            <div class=\"aux-widget-inner\"><h2 class=\"aux-modern-heading-primary\">About us<\/h2><div class=\"aux-modern-heading-divider\"><\/div><\/div>\n        <\/section>\t\t\t\t<\/div>\n\t\t\t\t<\/div>\n\t\t\t\t\t<\/div>\n\t\t<\/div>\n\t\t\t\t<div class=\"aux-parallax-section elementor-column elementor-col-33 elementor-top-column elementor-element elementor-element-08ec10c\" data-id=\"08ec10c\" data-element_type=\"column\" data-e-type=\"column\">\n\t\t\t<div class=\"elementor-widget-wrap elementor-element-populated\">\n\t\t\t\t\t\t<div class=\"elementor-element elementor-element-8703e9c aux-appear-watch-animation aux-fade-in-up elementor-widget-tablet__width-inherit elementor-widget elementor-widget-aux_modern_heading\" data-id=\"8703e9c\" data-element_type=\"widget\" data-e-type=\"widget\" data-widget_type=\"aux_modern_heading.default\">\n\t\t\t\t<div class=\"elementor-widget-container\">\n\t\t\t\t\t<section class=\"aux-widget-modern-heading\">\n            <div class=\"aux-widget-inner\"><h2 class=\"aux-modern-heading-primary\">Nuva is an architecture and design studio linked to art and technology, with the capacity to work in a dynamic, multidisciplinary and itinerant way.<\/h2><div class=\"aux-modern-heading-description\"><p><span style=\"font-weight: 400\">We provide our services virtually, which allows us to adapt to the needs of our clients without geographical limitations. We focus on providing simple, practical, functional and cutting-edge solutions, with a modern and digital perspective, involving the client throughout the process.<\/span><\/p><\/div><\/div>\n        <\/section>\t\t\t\t<\/div>\n\t\t\t\t<\/div>\n\t\t\t\t<div class=\"elementor-element elementor-element-d34d058 aux-appear-watch-animation aux-fade-in-up elementor-widget elementor-widget-aux_modern_heading\" data-id=\"d34d058\" data-element_type=\"widget\" data-e-type=\"widget\" data-widget_type=\"aux_modern_heading.default\">\n\t\t\t\t<div class=\"elementor-widget-container\">\n\t\t\t\t\t<section class=\"aux-widget-modern-heading\">\n            <div class=\"aux-widget-inner\"><h2 class=\"aux-modern-heading-primary\"><\/h2><div class=\"aux-modern-heading-description\"><p><span style=\"font-weight: 400\">We believe in the ideology that anyone in society should have access to quality architectural design. For this reason, when we design architecture, we focus on the user, translating their needs and those of their context to recreate the body where they live, on a larger scale.<\/span><\/p><\/div><\/div>\n        <\/section>\t\t\t\t<\/div>\n\t\t\t\t<\/div>\n\t\t\t\t\t<\/div>\n\t\t<\/div>\n\t\t\t\t<div class=\"aux-parallax-section elementor-column elementor-col-33 elementor-top-column elementor-element elementor-element-bb95503\" data-id=\"bb95503\" data-element_type=\"column\" data-e-type=\"column\">\n\t\t\t<div class=\"elementor-widget-wrap elementor-element-populated\">\n\t\t\t\t\t\t<div class=\"elementor-element elementor-element-b69a01e aux-appear-watch-animation aux-mask-from-left elementor-widget-tablet__width-initial elementor-widget elementor-widget-aux_image\" data-id=\"b69a01e\" data-element_type=\"widget\" data-e-type=\"widget\" data-widget_type=\"aux_image.default\">\n\t\t\t\t<div class=\"elementor-widget-container\">\n\t\t\t\t\t<section class=\"widget-container aux-widget-image aux-alignnone aux-parent-au4b1c8d1d\">\n    <div class=\"aux-media-hint-frame\">\n        <div class=\"aux-media-image\" >\n        \n            \n\n            \n            <img fetchpriority=\"high\" decoding=\"async\" width=\"1706\" height=\"2295\" src=\"data:image\/gif;base64,R0lGODlhAQABAIAAAAAAAP\/\/\/yH5BAEAAAAALAAAAAABAAEAAAIBRAA7\" class=\"aux-attachment aux-featured-image aux-attachment-id-375 aux-preload aux-blank\" alt=\"NUVA - 0068\" data-ratio=\"0.74\" data-original-w=\"1706\" data-src=\"https:\/\/nuvarchitecture.com\/wp-content\/uploads\/2024\/09\/NUVA-0068-1-scaled-e1727206293206.jpg\" \/>            \n                <\/div>\n    <\/div>\n\n<\/section><!-- widget-container -->\t\t\t\t<\/div>\n\t\t\t\t<\/div>\n\t\t\t\t\t<\/div>\n\t\t<\/div>\n\t\t\t\t\t<\/div>\n\t\t<\/section>\n\t\t\t\t<section class=\"elementor-section elementor-top-section elementor-element elementor-element-ead9a3d elementor-section-height-min-height elementor-reverse-tablet elementor-reverse-mobile elementor-section-boxed elementor-section-height-default elementor-section-items-middle\" data-id=\"ead9a3d\" data-element_type=\"section\" data-e-type=\"section\" data-settings=\"{&quot;background_background&quot;:&quot;classic&quot;}\">\n\t\t\t\t\t\t<div class=\"elementor-container elementor-column-gap-wide\">\n\t\t\t\t\t<div class=\"aux-parallax-section elementor-column elementor-col-33 elementor-top-column elementor-element elementor-element-fb6ea77 aux-appear-watch-animation aux-fade-in-right-1\" data-id=\"fb6ea77\" data-element_type=\"column\" data-e-type=\"column\">\n\t\t\t<div class=\"elementor-widget-wrap elementor-element-populated\">\n\t\t\t\t\t\t<div class=\"elementor-element elementor-element-8081637 elementor-widget-mobile__width-inherit elementor-widget elementor-widget-aux_staff\" data-id=\"8081637\" data-element_type=\"widget\" data-e-type=\"widget\" data-widget_type=\"aux_staff.default\">\n\t\t\t\t<div class=\"elementor-widget-container\">\n\t\t\t\t\t<section class=\"aux-wrap-style-simple widget-container aux-widget-staff aux-parent-aua9bf03a4\">    <div class=\"aux-staff-container aux-staff-pos-top aux-staff-text-left aux-staff-text-dark\" >\n            <div class=\"aux-staff-header aux-staff-img-rect\">\n            <div class=\"aux-media-image\"><img decoding=\"async\" width=\"1706\" height=\"2560\" src=\"image\/gif;base64,R0lGODlhAQABAIAAAAAAAP\/\/\/yH5BAEAAAAALAAAAAABAAEAAAIBRAA7\" class=\"aux-preload aux-blank\" alt=\"NUVA - 0105\" data-ratio=\"0.67\" data-original-w=\"1706\" data-src=\"https:\/\/nuvarchitecture.com\/wp-content\/uploads\/2024\/10\/NUVA-0105-scaled.jpg\" \/><\/div>        <\/div>\n            <div class=\"aux-staff-content\">\n                        <h4 class=\"col-title\">Maria Fernanda Sacchetta<\/h4>\n                        <h5 class=\"col-subtitle\">Director<\/h5>\n                        <div class=\"entry-content\">\n                                ARCHITECT GRADUATED AT UNC.<br>\nMASTER'S DEGREE IN URBAN PLANNING AND DESIGN AT UNC.<br>\nCONSTRUCTION FOREWOMAN GRADUATED FROM UNC.\n<br><br>Phone +54 9 358 4127153            <\/div>\n                        <div class=\"aux-staff-footer aux-medium aux-horizontal\">\n                    <ul class=\"aux-social-list\">\n\n                                                                <li>\n                            <a class=\"linkedin\" href=\"https:\/\/ar.linkedin.com\/in\/maria-fernanda-sacchetta-112275126\" target=\"_blank\" rel=\"noopener\"><span class=\"auxicon-linkedin\"><\/span>\n                            <\/a>\n                        <\/li>\n                                                                                                                                                                                                      <\/ul>\n           <\/div>\n                    <\/div>\n\n    <\/div>\n\n\n<\/section><!-- widget-container -->\t\t\t\t<\/div>\n\t\t\t\t<\/div>\n\t\t\t\t\t<\/div>\n\t\t<\/div>\n\t\t\t\t<div class=\"aux-parallax-section elementor-column elementor-col-33 elementor-top-column elementor-element elementor-element-fe28c06 aux-appear-watch-animation aux-fade-in-right-1\" data-id=\"fe28c06\" data-element_type=\"column\" data-e-type=\"column\">\n\t\t\t<div class=\"elementor-widget-wrap elementor-element-populated\">\n\t\t\t\t\t\t<div class=\"elementor-element elementor-element-94b0864 elementor-widget-mobile__width-inherit elementor-widget elementor-widget-aux_staff\" data-id=\"94b0864\" data-element_type=\"widget\" data-e-type=\"widget\" data-widget_type=\"aux_staff.default\">\n\t\t\t\t<div class=\"elementor-widget-container\">\n\t\t\t\t\t<section class=\"aux-wrap-style-simple widget-container aux-widget-staff aux-parent-audabb9f6c\">    <div class=\"aux-staff-container aux-staff-pos-top aux-staff-text-left aux-staff-text-dark\" >\n            <div class=\"aux-staff-header aux-staff-img-rect\">\n            <div class=\"aux-media-image\"><img decoding=\"async\" width=\"1707\" height=\"2560\" src=\"image\/gif;base64,R0lGODlhAQABAIAAAAAAAP\/\/\/yH5BAEAAAAALAAAAAABAAEAAAIBRAA7\" class=\"aux-preload aux-blank\" alt=\"NUVA - 0161\" data-ratio=\"0.67\" data-original-w=\"1707\" data-src=\"https:\/\/nuvarchitecture.com\/wp-content\/uploads\/2024\/10\/NUVA-0161-scaled.jpg\" \/><\/div>        <\/div>\n            <div class=\"aux-staff-content\">\n                        <h4 class=\"col-title\">Dario Franco<\/h4>\n                        <h5 class=\"col-subtitle\">Director<\/h5>\n                        <div class=\"entry-content\">\n                                ARCHITECT GRADUATED AT UNC.<br>\nMASTER CONSTRUCTION FOREMAN.<br>\nPUBLIC WORKS INSPECTOR. <span class=\"saltodelinea\"><\/span>\n<br><br>Phone +54 9 351 5490757             <\/div>\n                        <div class=\"aux-staff-footer aux-medium aux-horizontal\">\n                    <ul class=\"aux-social-list\">\n\n                                                                <li>\n                            <a class=\"linkedin\" href=\"https:\/\/www.linkedin.com\/in\/dario-franco-7a144a304\/%20\" target=\"_blank\" rel=\"noopener\"><span class=\"auxicon-linkedin\"><\/span>\n                            <\/a>\n                        <\/li>\n                                                                                                                                                                                                      <\/ul>\n           <\/div>\n                    <\/div>\n\n    <\/div>\n\n\n<\/section><!-- widget-container -->\t\t\t\t<\/div>\n\t\t\t\t<\/div>\n\t\t\t\t\t<\/div>\n\t\t<\/div>\n\t\t\t\t<div class=\"aux-parallax-section elementor-column elementor-col-33 elementor-top-column elementor-element elementor-element-3156b66\" data-id=\"3156b66\" data-element_type=\"column\" data-e-type=\"column\">\n\t\t\t<div class=\"elementor-widget-wrap elementor-element-populated\">\n\t\t\t\t\t\t<div class=\"aux-scroll-anim elementor-element elementor-element-849731d aux-appear-watch-animation aux-fade-in elementor-widget elementor-widget-aux_modern_heading\" data-move-in=\"moveHorizontal\" data-move-out=\"moveHorizontal\" data-axis-x=\"60\" data-axis-y=\"200\" data-rotate=\"90\" data-scale=\"1\" data-vp-top=\"0.5\" data-vp-bot=\"0.5\" data-el-top=\"0.2\" data-scroll-animation-off=\"1024\" data-id=\"849731d\" data-element_type=\"widget\" data-e-type=\"widget\" data-widget_type=\"aux_modern_heading.default\">\n\t\t\t\t<div class=\"elementor-widget-container\">\n\t\t\t\t\t<section class=\"aux-widget-modern-heading\">\n            <div class=\"aux-widget-inner\"><h2 class=\"aux-modern-heading-primary\">Our team<\/h2><div class=\"aux-modern-heading-divider\"><\/div><\/div>\n        <\/section>\t\t\t\t<\/div>\n\t\t\t\t<\/div>\n\t\t\t\t\t<\/div>\n\t\t<\/div>\n\t\t\t\t\t<\/div>\n\t\t<\/section>\n\t\t\t\t<section class=\"elementor-section elementor-top-section elementor-element elementor-element-86a0a49 elementor-section-full_width elementor-hidden-mobile elementor-section-height-default elementor-section-height-default\" data-id=\"86a0a49\" data-element_type=\"section\" data-e-type=\"section\">\n\t\t\t\t\t\t<div class=\"elementor-container elementor-column-gap-default\">\n\t\t\t\t\t<div class=\"aux-parallax-section elementor-column elementor-col-100 elementor-top-column elementor-element elementor-element-8479306\" data-id=\"8479306\" data-element_type=\"column\" data-e-type=\"column\">\n\t\t\t<div class=\"elementor-widget-wrap elementor-element-populated\">\n\t\t\t\t\t\t<div class=\"elementor-element elementor-element-a410ae8 elementor-widget elementor-widget-image\" data-id=\"a410ae8\" data-element_type=\"widget\" data-e-type=\"widget\" data-widget_type=\"image.default\">\n\t\t\t\t<div class=\"elementor-widget-container\">\n\t\t\t\t\t\t\t\t\t\t\t\t\t\t\t<img loading=\"lazy\" decoding=\"async\" width=\"2560\" height=\"1707\" src=\"https:\/\/nuvarchitecture.com\/wp-content\/uploads\/2024\/10\/NUVA-0163-scaled.jpg\" class=\"attachment-full size-full wp-image-1288\" alt=\"\" srcset=\"https:\/\/nuvarchitecture.com\/wp-content\/uploads\/2024\/10\/NUVA-0163-scaled.jpg 2560w, https:\/\/nuvarchitecture.com\/wp-content\/uploads\/2024\/10\/NUVA-0163-1536x1024.jpg 1536w, https:\/\/nuvarchitecture.com\/wp-content\/uploads\/2024\/10\/NUVA-0163-2048x1365.jpg 2048w, https:\/\/nuvarchitecture.com\/wp-content\/uploads\/2024\/10\/NUVA-0163-18x12.jpg 18w\" sizes=\"(max-width: 2560px) 100vw, 2560px\" \/>\t\t\t\t\t\t\t\t\t\t\t\t\t\t\t<\/div>\n\t\t\t\t<\/div>\n\t\t\t\t\t<\/div>\n\t\t<\/div>\n\t\t\t\t\t<\/div>\n\t\t<\/section>\n\t\t\t\t<section class=\"elementor-section elementor-top-section elementor-element elementor-element-0ac774f elementor-section-full_width elementor-hidden-desktop elementor-hidden-tablet elementor-section-height-default elementor-section-height-default\" data-id=\"0ac774f\" data-element_type=\"section\" data-e-type=\"section\">\n\t\t\t\t\t\t<div class=\"elementor-container elementor-column-gap-default\">\n\t\t\t\t\t<div class=\"aux-parallax-section elementor-column elementor-col-100 elementor-top-column elementor-element elementor-element-d0f28b5\" data-id=\"d0f28b5\" data-element_type=\"column\" data-e-type=\"column\">\n\t\t\t<div class=\"elementor-widget-wrap elementor-element-populated\">\n\t\t\t\t\t\t<div class=\"elementor-element elementor-element-3889e1c elementor-widget elementor-widget-image\" data-id=\"3889e1c\" data-element_type=\"widget\" data-e-type=\"widget\" data-widget_type=\"image.default\">\n\t\t\t\t<div class=\"elementor-widget-container\">\n\t\t\t\t\t\t\t\t\t\t\t\t\t\t\t<img loading=\"lazy\" decoding=\"async\" width=\"1706\" height=\"2560\" src=\"https:\/\/nuvarchitecture.com\/wp-content\/uploads\/2024\/11\/NUVA-0133-scaled.jpg\" class=\"attachment-full size-full wp-image-1701\" alt=\"\" srcset=\"https:\/\/nuvarchitecture.com\/wp-content\/uploads\/2024\/11\/NUVA-0133-scaled.jpg 1706w, https:\/\/nuvarchitecture.com\/wp-content\/uploads\/2024\/11\/NUVA-0133-1024x1536.jpg 1024w, https:\/\/nuvarchitecture.com\/wp-content\/uploads\/2024\/11\/NUVA-0133-1365x2048.jpg 1365w, https:\/\/nuvarchitecture.com\/wp-content\/uploads\/2024\/11\/NUVA-0133-8x12.jpg 8w\" sizes=\"(max-width: 1706px) 100vw, 1706px\" \/>\t\t\t\t\t\t\t\t\t\t\t\t\t\t\t<\/div>\n\t\t\t\t<\/div>\n\t\t\t\t\t<\/div>\n\t\t<\/div>\n\t\t\t\t\t<\/div>\n\t\t<\/section>\n\t\t\t\t<section class=\"elementor-section elementor-top-section elementor-element elementor-element-a81975d elementor-section-boxed elementor-section-height-default elementor-section-height-default\" data-id=\"a81975d\" data-element_type=\"section\" data-e-type=\"section\">\n\t\t\t\t\t\t<div class=\"elementor-container elementor-column-gap-default\">\n\t\t\t\t\t<div class=\"aux-parallax-section elementor-column elementor-col-100 elementor-top-column elementor-element elementor-element-661a62a\" data-id=\"661a62a\" data-element_type=\"column\" data-e-type=\"column\" data-settings=\"{&quot;background_background&quot;:&quot;classic&quot;}\">\n\t\t\t<div class=\"elementor-widget-wrap elementor-element-populated\">\n\t\t\t\t\t\t<div class=\"aux-scroll-anim elementor-element elementor-element-7fed551 aux-appear-watch-animation aux-fade-in elementor-widget elementor-widget-aux_modern_heading\" data-move-in=\"moveHorizontal\" data-move-out=\"moveHorizontal\" data-axis-x=\"60\" data-axis-y=\"200\" data-rotate=\"90\" data-scale=\"1\" data-vp-top=\"0.5\" data-vp-bot=\"0.5\" data-el-top=\"0.2\" data-scroll-animation-off=\"1024\" data-id=\"7fed551\" data-element_type=\"widget\" data-e-type=\"widget\" data-widget_type=\"aux_modern_heading.default\">\n\t\t\t\t<div class=\"elementor-widget-container\">\n\t\t\t\t\t<section class=\"aux-widget-modern-heading\">\n            <div class=\"aux-widget-inner\"><h2 class=\"aux-modern-heading-primary\">What we Offer?<\/h2><div class=\"aux-modern-heading-divider\"><\/div><\/div>\n        <\/section>\t\t\t\t<\/div>\n\t\t\t\t<\/div>\n\t\t\t\t<div class=\"elementor-element elementor-element-22f3c3a aux-appear-watch-animation aux-fade-in-up elementor-widget elementor-widget-aux_modern_heading\" data-id=\"22f3c3a\" data-element_type=\"widget\" data-e-type=\"widget\" data-widget_type=\"aux_modern_heading.default\">\n\t\t\t\t<div class=\"elementor-widget-container\">\n\t\t\t\t\t<section class=\"aux-widget-modern-heading\">\n            <div class=\"aux-widget-inner\"><h2 class=\"aux-modern-heading-primary\"><\/h2><div class=\"aux-modern-heading-description\"><p>La marca ofrece servicios arquitect\u00f3nicos multi escalares, con perspectiva art\u00edstica y tecnol\u00f3gica. Somos un estudio ambulante al cuaI se puede acceder desde cualquier Iugar del mundo donde tengan acceso a internet, con esto apuntamos a poder llegar a cualquier persona de la sociedad, disminuyendo el impacto ambiental y econ\u00f3mico acercando el dise\u00f1o arquitect\u00f3nico y el arte a diversos usuarios.<\/p><p>We focus on providing simple, practical and functional solutions, prioritizing the sustainability of the project throughout the process.<\/p><\/div><\/div>\n        <\/section>\t\t\t\t<\/div>\n\t\t\t\t<\/div>\n\t\t\t\t\t<\/div>\n\t\t<\/div>\n\t\t\t\t\t<\/div>\n\t\t<\/section>\n\t\t\t\t<\/div>","protected":false},"excerpt":{"rendered":"<p>Qui\u00e9nes somos Nuva es un estudio de arquitectura y dise\u00f1o ligado al arte y la tecnolog\u00eda, con capacidad de trabajar de manera din\u00e1mica, multidisciplinar e itinerante. Prestamos nuestros servicios de forma virtual, lo que nos permite adaptarnos a las necesidades de nuestros clientes sin limitaciones geogr\u00e1ficas. Nos enfocamos en brindar soluciones simples, pr\u00e1cticas, funcionales y [&hellip;]<\/p>\n","protected":false},"author":2,"featured_media":0,"parent":0,"menu_order":0,"comment_status":"closed","ping_status":"closed","template":"","meta":{"footnotes":""},"class_list":["post-107","page","type-page","status-publish","hentry"],"_links":{"self":[{"href":"https:\/\/nuvarchitecture.com\/en\/wp-json\/wp\/v2\/pages\/107","targetHints":{"allow":["GET"]}}],"collection":[{"href":"https:\/\/nuvarchitecture.com\/en\/wp-json\/wp\/v2\/pages"}],"about":[{"href":"https:\/\/nuvarchitecture.com\/en\/wp-json\/wp\/v2\/types\/page"}],"author":[{"embeddable":true,"href":"https:\/\/nuvarchitecture.com\/en\/wp-json\/wp\/v2\/users\/2"}],"replies":[{"embeddable":true,"href":"https:\/\/nuvarchitecture.com\/en\/wp-json\/wp\/v2\/comments?post=107"}],"version-history":[{"count":133,"href":"https:\/\/nuvarchitecture.com\/en\/wp-json\/wp\/v2\/pages\/107\/revisions"}],"predecessor-version":[{"id":1740,"href":"https:\/\/nuvarchitecture.com\/en\/wp-json\/wp\/v2\/pages\/107\/revisions\/1740"}],"wp:attachment":[{"href":"https:\/\/nuvarchitecture.com\/en\/wp-json\/wp\/v2\/media?parent=107"}],"curies":[{"name":"wp","href":"https:\/\/api.w.org\/{rel}","templated":true}]}}